{"id":2959,"date":"2024-01-15T15:12:07","date_gmt":"2024-01-15T14:12:07","guid":{"rendered":"https:\/\/webdesignerbordeaux.fr\/?page_id=2959"},"modified":"2024-04-11T11:59:51","modified_gmt":"2024-04-11T09:59:51","slug":"contactez-moi","status":"publish","type":"page","link":"https:\/\/webdesignerbordeaux.fr\/en\/contactez-moi\/","title":{"rendered":"CONTACTEZ-MOI"},"content":{"rendered":"<div data-elementor-type=\"wp-page\" data-elementor-id=\"2959\" class=\"elementor elementor-2959\" data-elementor-post-type=\"page\">\n\t\t\t\t\t\t<section class=\"elementor-section elementor-top-section elementor-element elementor-element-c47c5cb light-section inherit-header-color elementor-default-width content-max-width elementor-section-height-default elementor-section-height-default wpr-particle-no wpr-jarallax-no wpr-parallax-no wpr-sticky-section-no\" data-id=\"c47c5cb\" data-element_type=\"section\">\n\t\t\t\t\t\t<div class=\"elementor-container elementor-column-gap-default\">\n\t\t\t\t\t<div class=\"elementor-column elementor-col-100 elementor-top-column elementor-element elementor-element-9cbf74a\" data-id=\"9cbf74a\" data-element_type=\"column\">\n\t\t\t<div class=\"elementor-widget-wrap elementor-element-populated\">\n\t\t\t\t\t\t<div class=\"elementor-element elementor-element-a3d185f mdw-gradient elementor-widget__width-auto elementor-invisible elementor-widget elementor-widget-heading\" data-id=\"a3d185f\" data-element_type=\"widget\" data-settings=\"{&quot;_animation&quot;:&quot;fadeInUp&quot;}\" data-widget_type=\"heading.default\">\n\t\t\t\t<div class=\"elementor-widget-container\">\n\t\t\t\t\t<h1 class=\"elementor-heading-title elementor-size-default\">CONTACT ME<\/h1>\t\t\t\t<\/div>\n\t\t\t\t<\/div>\n\t\t\t\t<div class=\"elementor-element elementor-element-56aa6b2 elementor-widget__width-initial elementor-invisible elementor-widget elementor-widget-text-editor\" data-id=\"56aa6b2\" data-element_type=\"widget\" data-settings=\"{&quot;_animation&quot;:&quot;fadeIn&quot;}\" data-widget_type=\"text-editor.default\">\n\t\t\t\t<div class=\"elementor-widget-container\">\n\t\t\t\t\t\t\t\t\t<p>Do not hesitate to contact me for more information or for a specific quote.<\/p>\t\t\t\t\t\t\t\t<\/div>\n\t\t\t\t<\/div>\n\t\t\t\t<div class=\"elementor-element elementor-element-03e6ee6 elementor-widget elementor-widget-html\" data-id=\"03e6ee6\" data-element_type=\"widget\" data-widget_type=\"html.default\">\n\t\t\t\t<div class=\"elementor-widget-container\">\n\t\t\t\t\t<style>\r\n.mdw-card-portfolio{\r\n    --image-height: 77vh;\r\n    --image-width: 62vh;\r\n    --maximum-move: 80vh;\r\n    --maximum-rotate: 6deg;\r\n}\r\n.mdw-gradient{\r\n    --gradient-color-1: #0042D7;\r\n    --gradient-color-2: #FF5800;\r\n    --gradient-color-3: #FF5800;\r\n    --gradient-color-4: #FF5800;\r\n    --gradient-color-5: #FF0064;\r\n}\r\n\r\n\/* Tablet Device *\/\r\n\r\n@media (max-width: 1024px){\r\n.mdw-card-portfolio{\r\n    --image-height: 77vh;\r\n    --image-width: 62vh;\r\n    --maximum-move: 65vh;\r\n    --maximum-rotate: 6deg;\r\n}\r\n}\r\n\r\n\r\n\/* Mobile Device *\/\r\n\r\n@media (max-width: 767px){\r\n.mdw-card-portfolio{\r\n    --image-height: 450px;\r\n    --image-width: 375px;\r\n    --maximum-move: 350px;\r\n    --maximum-rotate: 3deg;\r\n}\r\n}\r\n\r\nhtml,\r\nbody{\r\n    overflow-x: hidden;\r\n}\r\n.elementor-edit-area .animated {\r\n    animation-fill-mode: forwards!important;\r\n}\r\n.mdw-card-portfolio >  .elementor-container,\r\n.mdw-card-portfolio >  .elementor-container > .elementor-column,\r\n.mdw-card-portfolio >  .elementor-container > .elementor-column > .elementor-widget-wrap{\r\n    position: static !important;\r\n}\r\n.mdw-card-portfolio-image-left,\r\n.mdw-card-portfolio-image-right{\r\n    will-change: transform;\r\n}\r\n.mdw-card-portfolio-image-left img,\r\n.mdw-card-portfolio-image-right img{\r\n    width: var(--image-width);\r\n    height: var(--image-height);\r\n    object-fit: cover;\r\n}\r\n\r\n\r\n\/* CSS code for gradient background *\/\r\n\r\n.mdw-gradient .elementor-widget-container{\r\n    background: var(--gradient-color-1,#fff);\r\n    background: linear-gradient(90deg, var(--gradient-color-1,#fff) 0%, var(--gradient-color-2,#fff) 25%, var(--gradient-color-3,#fff) 50%, var(--gradient-color-4,#fff) 75%, var(--gradient-color-5,#fff) 100%);\r\n}\r\n.mdw-gradient.elementor-widget-heading .elementor-widget-container{\r\n    -webkit-background-clip: text;\r\n    -webkit-text-fill-color: transparent;\r\n}\r\n\r\n\r\n\/* CSS code for bottom email box *\/\r\n\r\n.mdw-email-box .elementor-widget-container{\r\n    cursor: pointer;\r\n}\r\n.mdw-email-box .elementor-heading-title{\r\n    transition: all 0.2s ease-in-out;\r\n    word-break: break-all;\r\n    text-align: center;\r\n}\r\n.mdw-email-box .elementor-widget-container:hover .elementor-heading-title{\r\n    transform: scale(0.98);\r\n}\r\n.mdw-email-copy{\r\n    height: var(--min-height,22px);\r\n    overflow: hidden !important;\r\n}\r\n.mdw-email-copy .e-con-inner{\r\n    height: auto;\r\n}\r\n.mdw-email-copy .elementor-widget{\r\n    transition: all 0.2s ease-in-out;\r\n}\r\n.mdw-email-copy.copy .elementor-widget{\r\n    transform: translateY(-100%);\r\n}\r\n.mdw-email-copy.copied .elementor-widget{\r\n    transform: translateY(-200%);\r\n}\r\n\r\n\r\n\/* CSS code for improving entrance animation *\/\r\n\r\n.fadeInUp {\r\n    animation: mdwFadeInUp 1s ease-in-out forwards !important;\r\n}\r\n.fadeIn {\r\n    animation: fadeIn 1.3s ease-in-out 0.5s forwards !important;\r\n    opacity: 0;\r\n}\r\n\r\n@keyframes mdwFadeInUp{\r\n0%{\r\n    transform: translateY(50px);\r\n    opacity: 0;\r\n    clip-path: polygon(0 0, 100% 0, 100% 0, 0 0);\r\n}\r\n100%{\r\n    transform: translateY(0);\r\n    opacity: 1;\r\n    clip-path: polygon(0 0, 100% 0, 100% 100%, 0% 100%);\r\n}\r\n}\r\n\r\n\r\n@media (max-width: 767px){\r\n.mdw-card-portfolio-image-left{\r\n    transition: all 0.6s ease-in-out;\r\n    transform: translateX(-30px) rotate(-1deg) !important;\r\n}\r\n.mdw-card-portfolio-image-right{\r\n    transition: all 0.6s ease-in-out;\r\n    transform: translateX(30px) rotate(1deg) !important;\r\n}\r\n.mdw-card-portfolio.passed .mdw-card-portfolio-image-left{\r\n    transition: all 0.8s ease-in-out;\r\n    transform: translateX(calc(-1*var(--maximum-move))) rotate(calc(-1*var(--maximum-rotate))) !important;\r\n}\r\n.mdw-card-portfolio.passed .mdw-card-portfolio-image-right{\r\n    transition: all 0.8s ease-in-out;\r\n    transform: translateX(calc(1*var(--maximum-move))) rotate(calc(1*var(--maximum-rotate))) !important;\r\n}\r\n}\r\n\r\n<\/style>\r\n\r\n<script src=\"https:\/\/code.jquery.com\/jquery-3.6.0.min.js\"><\/script>\r\n<script>\r\nvar $ = jQuery\r\n\r\n$(window).on('load scroll resize', function(){\r\n\r\n$('.mdw-card-portfolio').each(function(){\r\n    var $this = $(this),\r\n    sectionHeight = $this.outerHeight(),\r\n    windowHeight = $(window).height(),\r\n    scrollValue = $(window).scrollTop() - $this.offset().top + windowHeight,\r\n    bottomPassValue = $(window).scrollTop() - $this.offset().top - sectionHeight,\r\n    easeSpeed = 3,\r\n    easeValue\r\n    \r\n    if( $(window).width() > 767 ){\r\n        \r\n        if(scrollValue < 0 || bottomPassValue > 0) return\r\n        \r\n        easeValue = 1 - 1\/Math.pow(2, scrollValue*easeSpeed\/sectionHeight)\r\n        \r\n        $this.find('.mdw-card-portfolio-image-left').css('transform', 'translateX(calc(' + (-1*easeValue) + '* var(--maximum-move))) rotate(calc(' + (-1*easeValue) + '*var(--maximum-rotate)))')\r\n        $this.find('.mdw-card-portfolio-image-right').css('transform', 'translateX(calc(' + (1*easeValue) + '* var(--maximum-move))) rotate(calc(' + (1*easeValue) + '*var(--maximum-rotate)))')\r\n    }else{\r\n        $this.removeClass('passed')\r\n        if( scrollValue - windowHeight*1\/2 > 0 ) $this.addClass('passed')\r\n    }\r\n    \r\n})\r\n})\r\n\r\n$(document).ready(function(){\r\n    \r\n$('.mdw-email-box .elementor-widget-container').hover(function(){\r\n    $('.mdw-email-copy').addClass('copy')\r\n}, function(){\r\n    $('.mdw-email-copy').removeClass('copy copied')\r\n})\r\n\r\n$('.mdw-email-box .elementor-widget-container').on('click', function(){\r\n    navigator.clipboard.writeText($('.mdw-email-box').text())\r\n    $('.mdw-email-copy').addClass('copied')\r\n})\r\n})\r\n\r\n<\/script>\t\t\t\t<\/div>\n\t\t\t\t<\/div>\n\t\t\t\t\t<\/div>\n\t\t<\/div>\n\t\t\t\t\t<\/div>\n\t\t<\/section>\n\t\t<div class=\"elementor-element elementor-element-950ab88 e-flex e-con-boxed wpr-particle-no wpr-jarallax-no wpr-parallax-no wpr-sticky-section-no e-con e-parent\" data-id=\"950ab88\" data-element_type=\"container\">\n\t\t\t\t\t<div class=\"e-con-inner\">\n\t\t<div class=\"elementor-element elementor-element-74c5dde e-flex e-con-boxed wpr-particle-no wpr-jarallax-no wpr-parallax-no wpr-sticky-section-no elementor-invisible e-con e-child\" data-id=\"74c5dde\" data-element_type=\"container\" data-settings=\"{&quot;animation&quot;:&quot;slideInLeft&quot;}\">\n\t\t\t\t\t<div class=\"e-con-inner\">\n\t\t\t\t<div class=\"elementor-element elementor-element-6a6b058 elementor-widget elementor-widget-heading\" data-id=\"6a6b058\" data-element_type=\"widget\" data-widget_type=\"heading.default\">\n\t\t\t\t<div class=\"elementor-widget-container\">\n\t\t\t\t\t<h2 class=\"elementor-heading-title elementor-size-default\">NUMBER PHONE<\/h2>\t\t\t\t<\/div>\n\t\t\t\t<\/div>\n\t\t\t\t<div class=\"elementor-element elementor-element-c04dcc4 elementor-widget-divider--separator-type-pattern elementor-widget-divider--view-line elementor-widget elementor-widget-divider\" data-id=\"c04dcc4\" data-element_type=\"widget\" data-widget_type=\"divider.default\">\n\t\t\t\t<div class=\"elementor-widget-container\">\n\t\t\t\t\t\t\t<div class=\"elementor-divider\" style=\"--divider-pattern-url: url(&quot;data:image\/svg+xml,%3Csvg xmlns=&#039;http:\/\/www.w3.org\/2000\/svg&#039; preserveAspectRatio=&#039;none&#039; overflow=&#039;visible&#039; height=&#039;100%&#039; viewBox=&#039;0 0 24 24&#039; fill=&#039;none&#039; stroke=&#039;black&#039; stroke-width=&#039;2.2&#039; stroke-linecap=&#039;square&#039; stroke-miterlimit=&#039;10&#039;%3E%3Cpath d=&#039;M0,6c6,0,6,13,12,13S18,6,24,6&#039;\/%3E%3C\/svg%3E&quot;);\">\n\t\t\t<span class=\"elementor-divider-separator\">\n\t\t\t\t\t\t<\/span>\n\t\t<\/div>\n\t\t\t\t\t\t<\/div>\n\t\t\t\t<\/div>\n\t\t\t\t<div class=\"elementor-element elementor-element-6376808 elementor-widget elementor-widget-text-editor\" data-id=\"6376808\" data-element_type=\"widget\" data-widget_type=\"text-editor.default\">\n\t\t\t\t<div class=\"elementor-widget-container\">\n\t\t\t\t\t\t\t\t\t<p><a href=\"http:\/\/TELTO: 33781042380\" data-wplink-url-error=\"true\">07 81 04 23 80<\/a><\/p>\t\t\t\t\t\t\t\t<\/div>\n\t\t\t\t<\/div>\n\t\t\t\t\t<\/div>\n\t\t\t\t<\/div>\n\t\t<div class=\"elementor-element elementor-element-6649f8d e-flex e-con-boxed wpr-particle-no wpr-jarallax-no wpr-parallax-no wpr-sticky-section-no elementor-invisible e-con e-child\" data-id=\"6649f8d\" data-element_type=\"container\" data-settings=\"{&quot;animation&quot;:&quot;slideInRight&quot;}\">\n\t\t\t\t\t<div class=\"e-con-inner\">\n\t\t\t\t<div class=\"elementor-element elementor-element-1730167 elementor-widget elementor-widget-heading\" data-id=\"1730167\" data-element_type=\"widget\" data-widget_type=\"heading.default\">\n\t\t\t\t<div class=\"elementor-widget-container\">\n\t\t\t\t\t<h2 class=\"elementor-heading-title elementor-size-default\">MAIL<\/h2>\t\t\t\t<\/div>\n\t\t\t\t<\/div>\n\t\t\t\t<div class=\"elementor-element elementor-element-edc8977 elementor-widget-divider--separator-type-pattern elementor-widget-divider--view-line elementor-widget elementor-widget-divider\" data-id=\"edc8977\" data-element_type=\"widget\" data-widget_type=\"divider.default\">\n\t\t\t\t<div class=\"elementor-widget-container\">\n\t\t\t\t\t\t\t<div class=\"elementor-divider\" style=\"--divider-pattern-url: url(&quot;data:image\/svg+xml,%3Csvg xmlns=&#039;http:\/\/www.w3.org\/2000\/svg&#039; preserveAspectRatio=&#039;none&#039; overflow=&#039;visible&#039; height=&#039;100%&#039; viewBox=&#039;0 0 24 24&#039; fill=&#039;none&#039; stroke=&#039;black&#039; stroke-width=&#039;2.2&#039; stroke-linecap=&#039;square&#039; stroke-miterlimit=&#039;10&#039;%3E%3Cpath d=&#039;M0,6c6,0,6,13,12,13S18,6,24,6&#039;\/%3E%3C\/svg%3E&quot;);\">\n\t\t\t<span class=\"elementor-divider-separator\">\n\t\t\t\t\t\t<\/span>\n\t\t<\/div>\n\t\t\t\t\t\t<\/div>\n\t\t\t\t<\/div>\n\t\t\t\t<div class=\"elementor-element elementor-element-b579722 elementor-widget elementor-widget-text-editor\" data-id=\"b579722\" data-element_type=\"widget\" data-widget_type=\"text-editor.default\">\n\t\t\t\t<div class=\"elementor-widget-container\">\n\t\t\t\t\t\t\t\t\t<p><a href=\"mailto:paix.maxanne.pro@gmail.com\">paix.maxanne.pro@gmail.com<\/a><\/p>\t\t\t\t\t\t\t\t<\/div>\n\t\t\t\t<\/div>\n\t\t\t\t\t<\/div>\n\t\t\t\t<\/div>\n\t\t\t\t\t<\/div>\n\t\t\t\t<\/div>\n\t\t<div class=\"elementor-element elementor-element-0b6b605 e-flex e-con-boxed wpr-particle-no wpr-jarallax-no wpr-parallax-no wpr-sticky-section-no e-con e-parent\" data-id=\"0b6b605\" data-element_type=\"container\">\n\t\t\t\t\t<div class=\"e-con-inner\">\n\t\t<div class=\"elementor-element elementor-element-9fd1ef6 e-con-full e-flex wpr-particle-no wpr-jarallax-no wpr-parallax-no wpr-sticky-section-no e-con e-child\" data-id=\"9fd1ef6\" data-element_type=\"container\">\n\t\t\t\t<div class=\"elementor-element elementor-element-561582e elementor-widget elementor-widget-heading\" data-id=\"561582e\" data-element_type=\"widget\" data-settings=\"{&quot;motion_fx_motion_fx_scrolling&quot;:&quot;yes&quot;,&quot;motion_fx_translateY_effect&quot;:&quot;yes&quot;,&quot;motion_fx_translateY_speed&quot;:{&quot;unit&quot;:&quot;px&quot;,&quot;size&quot;:4,&quot;sizes&quot;:[]},&quot;motion_fx_translateY_affectedRange&quot;:{&quot;unit&quot;:&quot;%&quot;,&quot;size&quot;:&quot;&quot;,&quot;sizes&quot;:{&quot;start&quot;:0,&quot;end&quot;:100}},&quot;motion_fx_devices&quot;:[&quot;desktop&quot;,&quot;tablet&quot;,&quot;mobile&quot;]}\" data-widget_type=\"heading.default\">\n\t\t\t\t<div class=\"elementor-widget-container\">\n\t\t\t\t\t<h2 class=\"elementor-heading-title elementor-size-default\">For a chat...<\/h2>\t\t\t\t<\/div>\n\t\t\t\t<\/div>\n\t\t\t\t<\/div>\n\t\t<div class=\"elementor-element elementor-element-1555d00 e-con-full e-flex wpr-particle-no wpr-jarallax-no wpr-parallax-no wpr-sticky-section-no e-con e-child\" data-id=\"1555d00\" data-element_type=\"container\">\n\t\t\t\t<div class=\"elementor-element elementor-element-39b3846 elementor-button-align-stretch elementor-widget elementor-widget-form\" data-id=\"39b3846\" data-element_type=\"widget\" data-settings=\"{&quot;step_next_label&quot;:&quot;Suivant&quot;,&quot;step_previous_label&quot;:&quot;Pr\\u00e9c\\u00e9dent&quot;,&quot;button_width&quot;:&quot;100&quot;,&quot;step_type&quot;:&quot;number_text&quot;,&quot;step_icon_shape&quot;:&quot;circle&quot;}\" data-widget_type=\"form.default\">\n\t\t\t\t<div class=\"elementor-widget-container\">\n\t\t\t\t\t\t\t<form class=\"elementor-form\" method=\"post\" name=\"Nouveau formulaire\" action=\"\">\n\t\t\t<input type=\"hidden\" name=\"post_id\" value=\"2959\"\/>\n\t\t\t<input type=\"hidden\" name=\"form_id\" value=\"39b3846\"\/>\n\t\t\t<input type=\"hidden\" name=\"referer_title\" value=\"\" \/>\n\n\t\t\t\n\t\t\t<div class=\"elementor-form-fields-wrapper elementor-labels-above\">\n\t\t\t\t\t\t\t\t<div class=\"elementor-field-type-text elementor-field-group elementor-column elementor-field-group-name elementor-col-100\">\n\t\t\t\t\t\t\t\t\t\t\t\t<label for=\"form-field-name\" class=\"elementor-field-label\">\n\t\t\t\t\t\t\t\tName\t\t\t\t\t\t\t<\/label>\n\t\t\t\t\t\t\t\t\t\t\t\t\t\t<input size=\"1\" type=\"text\" name=\"form_fields[name]\" id=\"form-field-name\" class=\"elementor-field elementor-size-sm  elementor-field-textual\" placeholder=\"Name\">\n\t\t\t\t\t\t\t\t\t\t\t<\/div>\n\t\t\t\t\t\t\t\t<div class=\"elementor-field-type-email elementor-field-group elementor-column elementor-field-group-email elementor-col-100 elementor-field-required\">\n\t\t\t\t\t\t\t\t\t\t\t\t<label for=\"form-field-email\" class=\"elementor-field-label\">\n\t\t\t\t\t\t\t\tE-mail\t\t\t\t\t\t\t<\/label>\n\t\t\t\t\t\t\t\t\t\t\t\t\t\t<input size=\"1\" type=\"email\" name=\"form_fields[email]\" id=\"form-field-email\" class=\"elementor-field elementor-size-sm  elementor-field-textual\" placeholder=\"E-mail\" required=\"required\">\n\t\t\t\t\t\t\t\t\t\t\t<\/div>\n\t\t\t\t\t\t\t\t<div class=\"elementor-field-type-tel elementor-field-group elementor-column elementor-field-group-field_4c90eaa elementor-col-100\">\n\t\t\t\t\t\t\t\t\t\t\t\t<label for=\"form-field-field_4c90eaa\" class=\"elementor-field-label\">\n\t\t\t\t\t\t\t\tNumber phone\t\t\t\t\t\t\t<\/label>\n\t\t\t\t\t\t\t\t<input size=\"1\" type=\"tel\" name=\"form_fields[field_4c90eaa]\" id=\"form-field-field_4c90eaa\" class=\"elementor-field elementor-size-sm  elementor-field-textual\" pattern=\"[0-9()#&amp;+*-=.]+\" title=\"Only numbers and phone characters (#, -, *, etc) are accepted.\">\n\n\t\t\t\t\t\t<\/div>\n\t\t\t\t\t\t\t\t<div class=\"elementor-field-type-textarea elementor-field-group elementor-column elementor-field-group-message elementor-col-100\">\n\t\t\t\t\t\t\t\t\t\t\t\t<label for=\"form-field-message\" class=\"elementor-field-label\">\n\t\t\t\t\t\t\t\tMessage\t\t\t\t\t\t\t<\/label>\n\t\t\t\t\t\t<textarea class=\"elementor-field-textual elementor-field  elementor-size-sm\" name=\"form_fields[message]\" id=\"form-field-message\" rows=\"4\" placeholder=\"Message\"><\/textarea>\t\t\t\t<\/div>\n\t\t\t\t\t\t\t\t<div class=\"elementor-field-group elementor-column elementor-field-type-submit elementor-col-100 e-form__buttons\">\n\t\t\t\t\t<button class=\"elementor-button elementor-size-sm\" type=\"submit\">\n\t\t\t\t\t\t<span class=\"elementor-button-content-wrapper\">\n\t\t\t\t\t\t\t\t\t\t\t\t\t\t\t\t\t\t\t\t\t\t<span class=\"elementor-button-text\">Send<\/span>\n\t\t\t\t\t\t\t\t\t\t\t\t\t<\/span>\n\t\t\t\t\t<\/button>\n\t\t\t\t<\/div>\n\t\t\t<\/div>\n\t\t<input type=\"hidden\" name=\"trp-form-language\" value=\"en\"\/><\/form>\n\t\t\t\t\t\t<\/div>\n\t\t\t\t<\/div>\n\t\t\t\t<\/div>\n\t\t\t\t\t<\/div>\n\t\t\t\t<\/div>\n\t\t\t\t<\/div>","protected":false},"excerpt":{"rendered":"<p>CONTACTEZ MOI N&#8217;h\u00e9sitez pas \u00e0 me contacter pour plus d&#8217;informations ou bien pour un devis pr\u00e9cis. NUM\u00c9RO DE T\u00c9L\u00c9PHONE 07 81 04 23 80 MAIL paix.maxanne.pro@gmail.com Pour papoter &#8230;.<\/p>","protected":false},"author":1,"featured_media":0,"parent":0,"menu_order":0,"comment_status":"closed","ping_status":"closed","template":"elementor_header_footer","meta":{"om_disable_all_campaigns":false,"_monsterinsights_skip_tracking":false,"_monsterinsights_sitenote_active":false,"_monsterinsights_sitenote_note":"","_monsterinsights_sitenote_category":0,"footnotes":""},"class_list":["post-2959","page","type-page","status-publish","hentry"],"aioseo_notices":[],"_links":{"self":[{"href":"https:\/\/webdesignerbordeaux.fr\/en\/wp-json\/wp\/v2\/pages\/2959","targetHints":{"allow":["GET"]}}],"collection":[{"href":"https:\/\/webdesignerbordeaux.fr\/en\/wp-json\/wp\/v2\/pages"}],"about":[{"href":"https:\/\/webdesignerbordeaux.fr\/en\/wp-json\/wp\/v2\/types\/page"}],"author":[{"embeddable":true,"href":"https:\/\/webdesignerbordeaux.fr\/en\/wp-json\/wp\/v2\/users\/1"}],"replies":[{"embeddable":true,"href":"https:\/\/webdesignerbordeaux.fr\/en\/wp-json\/wp\/v2\/comments?post=2959"}],"version-history":[{"count":15,"href":"https:\/\/webdesignerbordeaux.fr\/en\/wp-json\/wp\/v2\/pages\/2959\/revisions"}],"predecessor-version":[{"id":3613,"href":"https:\/\/webdesignerbordeaux.fr\/en\/wp-json\/wp\/v2\/pages\/2959\/revisions\/3613"}],"wp:attachment":[{"href":"https:\/\/webdesignerbordeaux.fr\/en\/wp-json\/wp\/v2\/media?parent=2959"}],"curies":[{"name":"wp","href":"https:\/\/api.w.org\/{rel}","templated":true}]}}